{"id":7,"date":"2021-03-15T14:55:43","date_gmt":"2021-03-15T14:55:43","guid":{"rendered":"http:\/\/vveritas.com.mx\/?page_id=7"},"modified":"2025-03-12T11:41:08","modified_gmt":"2025-03-12T17:41:08","slug":"servicios","status":"publish","type":"page","link":"https:\/\/vveritas.com.mx\/index.php\/servicios\/","title":{"rendered":"Servicios"},"content":{"rendered":"\n<div class=\"wp-block-cover alignfull wp-duotone-unset-1\" style=\"min-height:159px;aspect-ratio:unset;\"><span aria-hidden=\"true\" class=\"wp-block-cover__background has-background-dim\"><\/span><img loading=\"lazy\" decoding=\"async\" width=\"2000\" height=\"1199\" class=\"wp-block-cover__image-background wp-image-60\" alt=\"\" src=\"https:\/\/vveritas.com.mx\/wp-content\/uploads\/2025\/03\/cropped-IMGHOME.jpg\" data-object-fit=\"cover\" srcset=\"https:\/\/vveritas.com.mx\/wp-content\/uploads\/2025\/03\/cropped-IMGHOME.jpg 2000w, https:\/\/vveritas.com.mx\/wp-content\/uploads\/2025\/03\/cropped-IMGHOME-300x180.jpg 300w, https:\/\/vveritas.com.mx\/wp-content\/uploads\/2025\/03\/cropped-IMGHOME-1024x614.jpg 1024w\" sizes=\"auto, (max-width: 2000px) 100vw, 2000px\" \/><div class=\"wp-block-cover__inner-container is-layout-flow wp-block-cover-is-layout-flow\">\n<p class=\"has-text-align-center has-large-font-size\"><strong>Resolvemos tus necesidades en inspecci\u00f3n de instrumentos de medici\u00f3n<\/strong><\/p>\n<\/div><\/div>\n\n\n\n<div class=\"wp-block-media-text is-stacked-on-mobile\"><figure class=\"wp-block-media-text__media\"><img loading=\"lazy\" decoding=\"async\" width=\"750\" height=\"500\" src=\"https:\/\/vveritas.com.mx\/wp-content\/uploads\/2025\/03\/IMG2.webp\" alt=\"\" class=\"wp-image-40 size-full\" srcset=\"https:\/\/vveritas.com.mx\/wp-content\/uploads\/2025\/03\/IMG2.webp 750w, https:\/\/vveritas.com.mx\/wp-content\/uploads\/2025\/03\/IMG2-300x200.webp 300w\" sizes=\"auto, (max-width: 750px) 100vw, 750px\" \/><\/figure><div class=\"wp-block-media-text__content\">\n<p>Inspecci\u00f3n de instrumentos de medici\u00f3n para despacho de combustibles.<\/p>\n\n\n\n<p>Monitoreo peri\u00f3dico de instrumentos de medici\u00f3n.<\/p>\n<\/div><\/div>\n\n\n\n<div style=\"height:100px\" aria-hidden=\"true\" class=\"wp-block-spacer\"><\/div>\n","protected":false},"excerpt":{"rendered":"<p>Inspecci\u00f3n de instrumentos de medici\u00f3n para despacho de combustibles. Monitoreo peri\u00f3dico de instrumentos de medici\u00f3n.<\/p>\n","protected":false},"author":1,"featured_media":0,"parent":0,"menu_order":2,"comment_status":"closed","ping_status":"closed","template":"page-templates\/no-title.php","meta":{"footnotes":""},"class_list":["post-7","page","type-page","status-publish","hentry"],"_links":{"self":[{"href":"https:\/\/vveritas.com.mx\/index.php\/wp-json\/wp\/v2\/pages\/7","targetHints":{"allow":["GET"]}}],"collection":[{"href":"https:\/\/vveritas.com.mx\/index.php\/wp-json\/wp\/v2\/pages"}],"about":[{"href":"https:\/\/vveritas.com.mx\/index.php\/wp-json\/wp\/v2\/types\/page"}],"author":[{"embeddable":true,"href":"https:\/\/vveritas.com.mx\/index.php\/wp-json\/wp\/v2\/users\/1"}],"replies":[{"embeddable":true,"href":"https:\/\/vveritas.com.mx\/index.php\/wp-json\/wp\/v2\/comments?post=7"}],"version-history":[{"count":20,"href":"https:\/\/vveritas.com.mx\/index.php\/wp-json\/wp\/v2\/pages\/7\/revisions"}],"predecessor-version":[{"id":189,"href":"https:\/\/vveritas.com.mx\/index.php\/wp-json\/wp\/v2\/pages\/7\/revisions\/189"}],"wp:attachment":[{"href":"https:\/\/vveritas.com.mx\/index.php\/wp-json\/wp\/v2\/media?parent=7"}],"curies":[{"name":"wp","href":"https:\/\/api.w.org\/{rel}","templated":true}]}}